{"id":410,"date":"2017-11-20T15:05:36","date_gmt":"2017-11-20T09:20:36","guid":{"rendered":"https:\/\/raratheme.com\/preview\/travel-agency-pro\/about-us\/"},"modified":"2023-09-26T18:55:00","modified_gmt":"2023-09-26T18:55:00","slug":"about-us","status":"publish","type":"page","link":"https:\/\/peregrinarvt.net\/index.php\/about-us\/","title":{"rendered":"Quienes Somos"},"content":{"rendered":"\n<h1 class=\"wp-block-heading\">PEREGRINAR DE VIAJES Y TURISMO S.A.S.<\/h1>\n\n\n\n<p>Somos una agencia especializada en turismo religioso internacional. \u00a0Fundada en el a\u00f1o 2010\u2026 <strong>(M\u00e1s que una agencia de viajes, somos una familia)<\/strong> Siempre buscamos el punto justo en donde la FE y el turismo pueden hacer una perfecta fusi\u00f3n en donde se logra el objetivo principal de la empresa. M\u00e1s que viajes, \u201cUna experiencia de FE\u201d<\/p>\n\n\n\n<p>Los directivos de la empresa, son profesionales que tienen m\u00e1s de 30 a\u00f1os en el mercado del turismo y m\u00e1s de 20 a\u00f1os en el mercado local.<\/p>\n\n\n\n<p>Misi\u00f3n<\/p>\n\n\n\n<p>Ofrecer una experiencia de viaje \u00fanica, siendo la mejor alternativa, apoy\u00e1ndonos en un equipo humano altamente comprometido y aliados estrat\u00e9gicos para garantizar programas exclusivos, haciendo realidad los sue\u00f1os de nuestros viajeros, ofreciendo una experiencia que exceda &nbsp;sus expectativas.<\/p>\n\n\n\n<p>Visi\u00f3n<\/p>\n\n\n\n<p>Para el 2025 &nbsp;ser reconocido por nuestra experiencia y calidad, comprometidos con la conservaci\u00f3n de los recursos culturales, impulsando la continuidad del turismo religioso, familiar y sostenible, aprovechando el talento humano de calidad y con compromiso de excelencia en el servicio.<\/p>\n","protected":false},"excerpt":{"rendered":"<p>PEREGRINAR DE VIAJES Y TURISMO S.A.S. Somos una agencia especializada en turismo religioso internacional. \u00a0Fundada en el a\u00f1o 2010\u2026 (M\u00e1s que una agencia de viajes, somos una familia) Siempre buscamos el punto justo en donde la FE y el turismo pueden hacer una perfecta fusi\u00f3n &hellip; <\/p>\n","protected":false},"author":1,"featured_media":58,"parent":0,"menu_order":0,"comment_status":"closed","ping_status":"closed","template":"","meta":{"footnotes":""},"_links":{"self":[{"href":"https:\/\/peregrinarvt.net\/index.php\/wp-json\/wp\/v2\/pages\/410"}],"collection":[{"href":"https:\/\/peregrinarvt.net\/index.php\/wp-json\/wp\/v2\/pages"}],"about":[{"href":"https:\/\/peregrinarvt.net\/index.php\/wp-json\/wp\/v2\/types\/page"}],"author":[{"embeddable":true,"href":"https:\/\/peregrinarvt.net\/index.php\/wp-json\/wp\/v2\/users\/1"}],"replies":[{"embeddable":true,"href":"https:\/\/peregrinarvt.net\/index.php\/wp-json\/wp\/v2\/comments?post=410"}],"version-history":[{"count":4,"href":"https:\/\/peregrinarvt.net\/index.php\/wp-json\/wp\/v2\/pages\/410\/revisions"}],"predecessor-version":[{"id":1824,"href":"https:\/\/peregrinarvt.net\/index.php\/wp-json\/wp\/v2\/pages\/410\/revisions\/1824"}],"wp:featuredmedia":[{"embeddable":true,"href":"https:\/\/peregrinarvt.net\/index.php\/wp-json\/wp\/v2\/media\/58"}],"wp:attachment":[{"href":"https:\/\/peregrinarvt.net\/index.php\/wp-json\/wp\/v2\/media?parent=410"}],"curies":[{"name":"wp","href":"https:\/\/api.w.org\/{rel}","templated":true}]}}